{"id":2,"date":"2010-10-15T17:16:21","date_gmt":"2010-10-15T15:16:21","guid":{"rendered":"http:\/\/blogg.greenhill.nu\/?page_id=2"},"modified":"2025-12-12T22:17:35","modified_gmt":"2025-12-12T21:17:35","slug":"about","status":"publish","type":"page","link":"https:\/\/blogg.greenhill.nu\/?page_id=2","title":{"rendered":"Om Greenhill"},"content":{"rendered":"<p>Skall f\u00f6rs\u00f6ka skriva h\u00e4r regelbundet men som vanligt ingen garanti !!!!!!!!!!!<\/p>\n<p>Vem \u00e4r d\u00e5 Greenhill? Jo en ganska nyss fyllda 67 \u00e5r ung man som troligtvis inte blir \u00e4ldre \u00e4n vad han k\u00e4nner sig det vill s\u00e4ga som en pigg och rask 20 \u00e5ring. Han har ett flertal olika intressen men det st\u00f6rsta \u00e4r att \u00e5ka motorcykel. Bes\u00f6ker mellan 5 och 10 tr\u00e4ffar varje \u00e5r och tr\u00e4ffar andra med samma intresse. K\u00f6r en s\u00e5 d\u00e4r 1500- till 2000 \u00a0mil per \u00e5r och hinner inte med att \u00e5ka s\u00e5 mycket MC jag vill i alla fall, har numera ocks\u00e5 en liten husbil som kr\u00e4ver att jag anv\u00e4nder den, s\u00e5 det blir mycket resande \u00e5ret runt.<\/p>\n<p>&nbsp;<\/p>\n","protected":false},"excerpt":{"rendered":"<p>Skall f\u00f6rs\u00f6ka skriva h\u00e4r regelbundet men som vanligt ingen garanti !!!!!!!!!!! Vem \u00e4r d\u00e5 Greenhill? Jo en ganska nyss fyllda 67 \u00e5r ung man som troligtvis inte blir \u00e4ldre \u00e4n vad han k\u00e4nner sig det vill s\u00e4ga som en pigg &hellip; <a href=\"https:\/\/blogg.greenhill.nu\/?page_id=2\">Forts\u00e4tt l\u00e4sa <span class=\"meta-nav\">&rarr;<\/span><\/a><\/p>\n","protected":false},"author":1,"featured_media":0,"parent":0,"menu_order":1,"comment_status":"closed","ping_status":"closed","template":"","meta":{"jetpack_post_was_ever_published":false,"footnotes":""},"class_list":["post-2","page","type-page","status-publish","hentry"],"jetpack_shortlink":"https:\/\/wp.me\/P32HB2-2","jetpack_sharing_enabled":true,"_links":{"self":[{"href":"https:\/\/blogg.greenhill.nu\/index.php?rest_route=\/wp\/v2\/pages\/2","targetHints":{"allow":["GET"]}}],"collection":[{"href":"https:\/\/blogg.greenhill.nu\/index.php?rest_route=\/wp\/v2\/pages"}],"about":[{"href":"https:\/\/blogg.greenhill.nu\/index.php?rest_route=\/wp\/v2\/types\/page"}],"author":[{"embeddable":true,"href":"https:\/\/blogg.greenhill.nu\/index.php?rest_route=\/wp\/v2\/users\/1"}],"replies":[{"embeddable":true,"href":"https:\/\/blogg.greenhill.nu\/index.php?rest_route=%2Fwp%2Fv2%2Fcomments&post=2"}],"version-history":[{"count":12,"href":"https:\/\/blogg.greenhill.nu\/index.php?rest_route=\/wp\/v2\/pages\/2\/revisions"}],"predecessor-version":[{"id":2893,"href":"https:\/\/blogg.greenhill.nu\/index.php?rest_route=\/wp\/v2\/pages\/2\/revisions\/2893"}],"wp:attachment":[{"href":"https:\/\/blogg.greenhill.nu\/index.php?rest_route=%2Fwp%2Fv2%2Fmedia&parent=2"}],"curies":[{"name":"wp","href":"https:\/\/api.w.org\/{rel}","templated":true}]}}