{"id":2073,"date":"2016-11-18T17:12:34","date_gmt":"2016-11-18T16:12:34","guid":{"rendered":"http:\/\/blogg.greenhill.nu\/?page_id=2073"},"modified":"2017-09-06T19:22:49","modified_gmt":"2017-09-06T17:22:49","slug":"mina-youtube-filmer","status":"publish","type":"page","link":"https:\/\/blogg.greenhill.nu\/?page_id=2073","title":{"rendered":"Mina youtube filmer"},"content":{"rendered":"<p>&nbsp;<\/p>\n<p>Eksj\u00f6 mot Aneby<\/p>\n<p><iframe loading=\"lazy\" title=\"Eksj\u00f6 Aneby\" width=\"640\" height=\"360\" src=\"https:\/\/www.youtube.com\/embed\/USVbG7n_Gjk?feature=oembed\" frameborder=\"0\" allow=\"accelerometer; autoplay; clipboard-write; encrypted-media; gyroscope; picture-in-picture; web-share\" referrerpolicy=\"strict-origin-when-cross-origin\" allowfullscreen><\/iframe><\/p>\n<p>Fegen mot Krogsered maj 2016<\/p>\n<p><iframe loading=\"lazy\" title=\"Fegen Krogsered\" width=\"640\" height=\"360\" src=\"https:\/\/www.youtube.com\/embed\/-K70U6a4Mt4?feature=oembed\" frameborder=\"0\" allow=\"accelerometer; autoplay; clipboard-write; encrypted-media; gyroscope; picture-in-picture; web-share\" referrerpolicy=\"strict-origin-when-cross-origin\" allowfullscreen><\/iframe><\/p>\n<p>Dr\u00e4ngsered mot Fegen maj 2016<\/p>\n<p><iframe loading=\"lazy\" title=\"Dr\u00e4ngsered Fegen\" width=\"640\" height=\"360\" src=\"https:\/\/www.youtube.com\/embed\/62ysbIhIJq0?feature=oembed\" frameborder=\"0\" allow=\"accelerometer; autoplay; clipboard-write; encrypted-media; gyroscope; picture-in-picture; web-share\" referrerpolicy=\"strict-origin-when-cross-origin\" allowfullscreen><\/iframe><\/p>\n<p>\u00d6stentorpsv\u00e4gen 5 maj 2016<\/p>\n<p><iframe loading=\"lazy\" title=\"\u00d6stentorpsv\u00e4gen 20160505\" width=\"640\" height=\"360\" src=\"https:\/\/www.youtube.com\/embed\/ENUlPsc7Ol8?feature=oembed\" frameborder=\"0\" allow=\"accelerometer; autoplay; clipboard-write; encrypted-media; gyroscope; picture-in-picture; web-share\" referrerpolicy=\"strict-origin-when-cross-origin\" allowfullscreen><\/iframe><\/p>\n<p>Grustur med BMW klubben 7 maj 2016<\/p>\n<p><iframe loading=\"lazy\" title=\"BMW klubben D8 160507 grustur\" width=\"640\" height=\"360\" src=\"https:\/\/www.youtube.com\/embed\/RzSzYJFgF_c?feature=oembed\" frameborder=\"0\" allow=\"accelerometer; autoplay; clipboard-write; encrypted-media; gyroscope; picture-in-picture; web-share\" referrerpolicy=\"strict-origin-when-cross-origin\" allowfullscreen><\/iframe><\/p>\n<p>En tur Marb\u00e4ck Ulricehamn 2014<\/p>\n<p><iframe loading=\"lazy\" title=\"Marback Ulricehamn youtube\" width=\"640\" height=\"360\" src=\"https:\/\/www.youtube.com\/embed\/ubhsDqJQnPg?feature=oembed\" frameborder=\"0\" allow=\"accelerometer; autoplay; clipboard-write; encrypted-media; gyroscope; picture-in-picture; web-share\" referrerpolicy=\"strict-origin-when-cross-origin\" allowfullscreen><\/iframe><\/p>\n<p>H\u00e4r en film fr\u00e5n Harz vecka 39 014<\/p>\n<p><iframe loading=\"lazy\" title=\"Harz 1\" width=\"640\" height=\"480\" src=\"https:\/\/www.youtube.com\/embed\/IiAd5rck-EQ?feature=oembed\" frameborder=\"0\" allow=\"accelerometer; autoplay; clipboard-write; encrypted-media; gyroscope; picture-in-picture; web-share\" referrerpolicy=\"strict-origin-when-cross-origin\" allowfullscreen><\/iframe><\/p>\n","protected":false},"excerpt":{"rendered":"<p>&nbsp; Eksj\u00f6 mot Aneby Fegen mot Krogsered maj 2016 Dr\u00e4ngsered mot Fegen maj 2016 \u00d6stentorpsv\u00e4gen 5 maj 2016 Grustur med BMW klubben 7 maj 2016 En tur Marb\u00e4ck Ulricehamn 2014 H\u00e4r en film fr\u00e5n Harz vecka 39 014<\/p>\n","protected":false},"author":1,"featured_media":0,"parent":0,"menu_order":4,"comment_status":"closed","ping_status":"closed","template":"","meta":{"jetpack_post_was_ever_published":false,"footnotes":""},"class_list":["post-2073","page","type-page","status-publish","hentry"],"jetpack_shortlink":"https:\/\/wp.me\/P32HB2-xr","jetpack_sharing_enabled":true,"_links":{"self":[{"href":"https:\/\/blogg.greenhill.nu\/index.php?rest_route=\/wp\/v2\/pages\/2073","targetHints":{"allow":["GET"]}}],"collection":[{"href":"https:\/\/blogg.greenhill.nu\/index.php?rest_route=\/wp\/v2\/pages"}],"about":[{"href":"https:\/\/blogg.greenhill.nu\/index.php?rest_route=\/wp\/v2\/types\/page"}],"author":[{"embeddable":true,"href":"https:\/\/blogg.greenhill.nu\/index.php?rest_route=\/wp\/v2\/users\/1"}],"replies":[{"embeddable":true,"href":"https:\/\/blogg.greenhill.nu\/index.php?rest_route=%2Fwp%2Fv2%2Fcomments&post=2073"}],"version-history":[{"count":12,"href":"https:\/\/blogg.greenhill.nu\/index.php?rest_route=\/wp\/v2\/pages\/2073\/revisions"}],"predecessor-version":[{"id":2236,"href":"https:\/\/blogg.greenhill.nu\/index.php?rest_route=\/wp\/v2\/pages\/2073\/revisions\/2236"}],"wp:attachment":[{"href":"https:\/\/blogg.greenhill.nu\/index.php?rest_route=%2Fwp%2Fv2%2Fmedia&parent=2073"}],"curies":[{"name":"wp","href":"https:\/\/api.w.org\/{rel}","templated":true}]}}