{"id":2100,"date":"2016-12-05T21:34:20","date_gmt":"2016-12-05T20:34:20","guid":{"rendered":"http:\/\/blogg.greenhill.nu\/?page_id=2100"},"modified":"2016-12-06T18:36:05","modified_gmt":"2016-12-06T17:36:05","slug":"kroatien-sep-2016","status":"publish","type":"page","link":"https:\/\/blogg.greenhill.nu\/?page_id=2100","title":{"rendered":"Kroatien Sep. 2016"},"content":{"rendered":"<p>Vr\u0161i\u010d Pass September 2016<\/p>\n<p><iframe loading=\"lazy\" title=\"Vrsic Pass &quot;Russian Road Slovenien&quot;\" width=\"640\" height=\"360\" src=\"https:\/\/www.youtube.com\/embed\/HudD1oy0gyo?feature=oembed\" frameborder=\"0\" allow=\"accelerometer; autoplay; clipboard-write; encrypted-media; gyroscope; picture-in-picture; web-share\" referrerpolicy=\"strict-origin-when-cross-origin\" allowfullscreen><\/iframe><\/p>\n<p>Vr\u0161i\u010d Pass del 2 September 2016<\/p>\n<p><iframe loading=\"lazy\" title=\"Vrsic Pass &quot;Russian Road Slovenien del 2&quot;\" width=\"640\" height=\"360\" src=\"https:\/\/www.youtube.com\/embed\/UyUCX7nCB6s?feature=oembed\" frameborder=\"0\" allow=\"accelerometer; autoplay; clipboard-write; encrypted-media; gyroscope; picture-in-picture; web-share\" referrerpolicy=\"strict-origin-when-cross-origin\" allowfullscreen><\/iframe><\/p>\n","protected":false},"excerpt":{"rendered":"<p>Vr\u0161i\u010d Pass September 2016 Vr\u0161i\u010d Pass del 2 September 2016<\/p>\n","protected":false},"author":1,"featured_media":0,"parent":2073,"menu_order":0,"comment_status":"closed","ping_status":"closed","template":"","meta":{"jetpack_post_was_ever_published":false,"footnotes":""},"class_list":["post-2100","page","type-page","status-publish","hentry"],"jetpack_shortlink":"https:\/\/wp.me\/P32HB2-xS","jetpack_sharing_enabled":true,"_links":{"self":[{"href":"https:\/\/blogg.greenhill.nu\/index.php?rest_route=\/wp\/v2\/pages\/2100","targetHints":{"allow":["GET"]}}],"collection":[{"href":"https:\/\/blogg.greenhill.nu\/index.php?rest_route=\/wp\/v2\/pages"}],"about":[{"href":"https:\/\/blogg.greenhill.nu\/index.php?rest_route=\/wp\/v2\/types\/page"}],"author":[{"embeddable":true,"href":"https:\/\/blogg.greenhill.nu\/index.php?rest_route=\/wp\/v2\/users\/1"}],"replies":[{"embeddable":true,"href":"https:\/\/blogg.greenhill.nu\/index.php?rest_route=%2Fwp%2Fv2%2Fcomments&post=2100"}],"version-history":[{"count":3,"href":"https:\/\/blogg.greenhill.nu\/index.php?rest_route=\/wp\/v2\/pages\/2100\/revisions"}],"predecessor-version":[{"id":2103,"href":"https:\/\/blogg.greenhill.nu\/index.php?rest_route=\/wp\/v2\/pages\/2100\/revisions\/2103"}],"up":[{"embeddable":true,"href":"https:\/\/blogg.greenhill.nu\/index.php?rest_route=\/wp\/v2\/pages\/2073"}],"wp:attachment":[{"href":"https:\/\/blogg.greenhill.nu\/index.php?rest_route=%2Fwp%2Fv2%2Fmedia&parent=2100"}],"curies":[{"name":"wp","href":"https:\/\/api.w.org\/{rel}","templated":true}]}}