{"id":2170,"date":"2016-12-23T23:56:17","date_gmt":"2016-12-23T22:56:17","guid":{"rendered":"http:\/\/blogg.greenhill.nu\/?page_id=2170"},"modified":"2017-03-21T20:41:21","modified_gmt":"2017-03-21T19:41:21","slug":"lite-bilder-fran-dubai-januari-2016","status":"publish","type":"page","link":"https:\/\/blogg.greenhill.nu\/?page_id=2170","title":{"rendered":"Dubai Januari 2016"},"content":{"rendered":"<div data-carousel-extra='{\"blog_id\":1,\"permalink\":\"https:\\\/\\\/blogg.greenhill.nu\\\/?page_id=2170\"}' id='gallery-1' class='gallery galleryid-2170 gallery-columns-2 gallery-size-thumbnail'><dl class='gallery-item'>\n\t\t\t<dt class='gallery-icon landscape'>\n\t\t\t\t<a href='https:\/\/blogg.greenhill.nu\/?attachment_id=2162'><img loading=\"lazy\" decoding=\"async\" width=\"150\" height=\"150\" src=\"https:\/\/media.greenhill.nu\/2016\/12\/20160126_141747-150x150.jpg\" class=\"attachment-thumbnail size-thumbnail\" alt=\"\" aria-describedby=\"gallery-1-2162\" data-attachment-id=\"2162\" data-permalink=\"https:\/\/blogg.greenhill.nu\/?attachment_id=2162\" data-orig-file=\"https:\/\/media.greenhill.nu\/2016\/12\/20160126_141747.jpg\" data-orig-size=\"800,600\" data-comments-opened=\"0\" data-image-meta=\"{&quot;aperture&quot;:&quot;1.9&quot;,&quot;credit&quot;:&quot;Picasa&quot;,&quot;camera&quot;:&quot;SM-J500FN&quot;,&quot;caption&quot;:&quot;&quot;,&quot;created_timestamp&quot;:&quot;1453817867&quot;,&quot;copyright&quot;:&quot;&quot;,&quot;focal_length&quot;:&quot;3.7&quot;,&quot;iso&quot;:&quot;64&quot;,&quot;shutter_speed&quot;:&quot;0.00060864272671942&quot;,&quot;title&quot;:&quot;&quot;,&quot;orientation&quot;:&quot;0&quot;}\" data-image-title=\"20160126_141747\" data-image-description=\"\" data-image-caption=\"&lt;p&gt;City vy Dubai&lt;\/p&gt;\n\" data-medium-file=\"https:\/\/media.greenhill.nu\/2016\/12\/20160126_141747-300x225.jpg\" data-large-file=\"https:\/\/media.greenhill.nu\/2016\/12\/20160126_141747.jpg\" \/><\/a>\n\t\t\t<\/dt>\n\t\t\t\t<dd class='wp-caption-text gallery-caption' id='gallery-1-2162'>\n\t\t\t\tCity vy Dubai\n\t\t\t\t<\/dd><\/dl><dl class='gallery-item'>\n\t\t\t<dt class='gallery-icon landscape'>\n\t\t\t\t<a href='https:\/\/blogg.greenhill.nu\/?attachment_id=2169'><img loading=\"lazy\" decoding=\"async\" width=\"150\" height=\"150\" src=\"https:\/\/media.greenhill.nu\/2016\/12\/DSC_3885-150x150.jpg\" class=\"attachment-thumbnail size-thumbnail\" alt=\"\" aria-describedby=\"gallery-1-2169\" data-attachment-id=\"2169\" data-permalink=\"https:\/\/blogg.greenhill.nu\/?attachment_id=2169\" data-orig-file=\"https:\/\/media.greenhill.nu\/2016\/12\/DSC_3885.jpg\" data-orig-size=\"800,536\" data-comments-opened=\"0\" data-image-meta=\"{&quot;aperture&quot;:&quot;4.5&quot;,&quot;credit&quot;:&quot;Picasa&quot;,&quot;camera&quot;:&quot;NIKON 1 V1&quot;,&quot;caption&quot;:&quot;&quot;,&quot;created_timestamp&quot;:&quot;1453893069&quot;,&quot;copyright&quot;:&quot;&quot;,&quot;focal_length&quot;:&quot;13.6&quot;,&quot;iso&quot;:&quot;100&quot;,&quot;shutter_speed&quot;:&quot;0.0015625&quot;,&quot;title&quot;:&quot;&quot;,&quot;orientation&quot;:&quot;0&quot;}\" data-image-title=\"DSC_3885\" data-image-description=\"\" data-image-caption=\"&lt;p&gt;Atlantis Dubai&lt;\/p&gt;\n\" data-medium-file=\"https:\/\/media.greenhill.nu\/2016\/12\/DSC_3885-300x201.jpg\" data-large-file=\"https:\/\/media.greenhill.nu\/2016\/12\/DSC_3885.jpg\" \/><\/a>\n\t\t\t<\/dt>\n\t\t\t\t<dd class='wp-caption-text gallery-caption' id='gallery-1-2169'>\n\t\t\t\tAtlantis Dubai\n\t\t\t\t<\/dd><\/dl><br style=\"clear: both\" \/><dl class='gallery-item'>\n\t\t\t<dt class='gallery-icon landscape'>\n\t\t\t\t<a href='https:\/\/blogg.greenhill.nu\/?attachment_id=2163'><img loading=\"lazy\" decoding=\"async\" width=\"150\" height=\"150\" src=\"https:\/\/media.greenhill.nu\/2016\/12\/20160127_141925-150x150.jpg\" class=\"attachment-thumbnail size-thumbnail\" alt=\"\" aria-describedby=\"gallery-1-2163\" data-attachment-id=\"2163\" data-permalink=\"https:\/\/blogg.greenhill.nu\/?attachment_id=2163\" data-orig-file=\"https:\/\/media.greenhill.nu\/2016\/12\/20160127_141925.jpg\" data-orig-size=\"800,600\" data-comments-opened=\"0\" data-image-meta=\"{&quot;aperture&quot;:&quot;1.9&quot;,&quot;credit&quot;:&quot;Picasa&quot;,&quot;camera&quot;:&quot;SM-J500FN&quot;,&quot;caption&quot;:&quot;&quot;,&quot;created_timestamp&quot;:&quot;1453904364&quot;,&quot;copyright&quot;:&quot;&quot;,&quot;focal_length&quot;:&quot;3.7&quot;,&quot;iso&quot;:&quot;64&quot;,&quot;shutter_speed&quot;:&quot;0.00039494470774092&quot;,&quot;title&quot;:&quot;&quot;,&quot;orientation&quot;:&quot;0&quot;}\" data-image-title=\"20160127_141925\" data-image-description=\"\" data-image-caption=\"&lt;p&gt;Jag framf\u00f6r Atlantis&lt;\/p&gt;\n\" data-medium-file=\"https:\/\/media.greenhill.nu\/2016\/12\/20160127_141925-300x225.jpg\" data-large-file=\"https:\/\/media.greenhill.nu\/2016\/12\/20160127_141925.jpg\" \/><\/a>\n\t\t\t<\/dt>\n\t\t\t\t<dd class='wp-caption-text gallery-caption' id='gallery-1-2163'>\n\t\t\t\tJag framf\u00f6r Atlantis\n\t\t\t\t<\/dd><\/dl><dl class='gallery-item'>\n\t\t\t<dt class='gallery-icon portrait'>\n\t\t\t\t<a href='https:\/\/blogg.greenhill.nu\/?attachment_id=2164'><img loading=\"lazy\" decoding=\"async\" width=\"150\" height=\"150\" src=\"https:\/\/media.greenhill.nu\/2016\/12\/20160128_120939-150x150.jpg\" class=\"attachment-thumbnail size-thumbnail\" alt=\"\" aria-describedby=\"gallery-1-2164\" data-attachment-id=\"2164\" data-permalink=\"https:\/\/blogg.greenhill.nu\/?attachment_id=2164\" data-orig-file=\"https:\/\/media.greenhill.nu\/2016\/12\/20160128_120939.jpg\" data-orig-size=\"600,800\" data-comments-opened=\"0\" data-image-meta=\"{&quot;aperture&quot;:&quot;1.9&quot;,&quot;credit&quot;:&quot;Picasa&quot;,&quot;camera&quot;:&quot;SM-J500FN&quot;,&quot;caption&quot;:&quot;&quot;,&quot;created_timestamp&quot;:&quot;1453982979&quot;,&quot;copyright&quot;:&quot;&quot;,&quot;focal_length&quot;:&quot;3.7&quot;,&quot;iso&quot;:&quot;64&quot;,&quot;shutter_speed&quot;:&quot;0.00016012810248199&quot;,&quot;title&quot;:&quot;&quot;,&quot;orientation&quot;:&quot;0&quot;}\" data-image-title=\"20160128_120939\" data-image-description=\"\" data-image-caption=\"&lt;p&gt;Framf\u00f6r Burj Khalifa&lt;\/p&gt;\n\" data-medium-file=\"https:\/\/media.greenhill.nu\/2016\/12\/20160128_120939-225x300.jpg\" data-large-file=\"https:\/\/media.greenhill.nu\/2016\/12\/20160128_120939.jpg\" \/><\/a>\n\t\t\t<\/dt>\n\t\t\t\t<dd class='wp-caption-text gallery-caption' id='gallery-1-2164'>\n\t\t\t\tFramf\u00f6r Burj Khalifa\n\t\t\t\t<\/dd><\/dl><br style=\"clear: both\" \/><dl class='gallery-item'>\n\t\t\t<dt class='gallery-icon landscape'>\n\t\t\t\t<a href='https:\/\/blogg.greenhill.nu\/?attachment_id=2168'><img loading=\"lazy\" decoding=\"async\" width=\"150\" height=\"150\" src=\"https:\/\/media.greenhill.nu\/2016\/12\/20160128_132638-150x150.jpg\" class=\"attachment-thumbnail size-thumbnail\" alt=\"\" aria-describedby=\"gallery-1-2168\" data-attachment-id=\"2168\" data-permalink=\"https:\/\/blogg.greenhill.nu\/?attachment_id=2168\" data-orig-file=\"https:\/\/media.greenhill.nu\/2016\/12\/20160128_132638.jpg\" data-orig-size=\"800,600\" data-comments-opened=\"0\" data-image-meta=\"{&quot;aperture&quot;:&quot;1.9&quot;,&quot;credit&quot;:&quot;Picasa&quot;,&quot;camera&quot;:&quot;SM-J500FN&quot;,&quot;caption&quot;:&quot;&quot;,&quot;created_timestamp&quot;:&quot;1453987597&quot;,&quot;copyright&quot;:&quot;&quot;,&quot;focal_length&quot;:&quot;3.7&quot;,&quot;iso&quot;:&quot;64&quot;,&quot;shutter_speed&quot;:&quot;0.0011001100110011&quot;,&quot;title&quot;:&quot;&quot;,&quot;orientation&quot;:&quot;0&quot;}\" data-image-title=\"20160128_132638\" data-image-description=\"\" data-image-caption=\"&lt;p&gt;Utsikt fr\u00e5n Burj Khalifa&lt;\/p&gt;\n\" data-medium-file=\"https:\/\/media.greenhill.nu\/2016\/12\/20160128_132638-300x225.jpg\" data-large-file=\"https:\/\/media.greenhill.nu\/2016\/12\/20160128_132638.jpg\" \/><\/a>\n\t\t\t<\/dt>\n\t\t\t\t<dd class='wp-caption-text gallery-caption' id='gallery-1-2168'>\n\t\t\t\tUtsikt fr\u00e5n Burj Khalifa\n\t\t\t\t<\/dd><\/dl><dl class='gallery-item'>\n\t\t\t<dt class='gallery-icon portrait'>\n\t\t\t\t<a href='https:\/\/blogg.greenhill.nu\/?attachment_id=2167'><img loading=\"lazy\" decoding=\"async\" width=\"150\" height=\"150\" src=\"https:\/\/media.greenhill.nu\/2016\/12\/20160128_132418-150x150.jpg\" class=\"attachment-thumbnail size-thumbnail\" alt=\"\" aria-describedby=\"gallery-1-2167\" data-attachment-id=\"2167\" data-permalink=\"https:\/\/blogg.greenhill.nu\/?attachment_id=2167\" data-orig-file=\"https:\/\/media.greenhill.nu\/2016\/12\/20160128_132418.jpg\" data-orig-size=\"600,800\" data-comments-opened=\"0\" data-image-meta=\"{&quot;aperture&quot;:&quot;1.9&quot;,&quot;credit&quot;:&quot;Picasa&quot;,&quot;camera&quot;:&quot;SM-J500FN&quot;,&quot;caption&quot;:&quot;&quot;,&quot;created_timestamp&quot;:&quot;1453987458&quot;,&quot;copyright&quot;:&quot;&quot;,&quot;focal_length&quot;:&quot;3.7&quot;,&quot;iso&quot;:&quot;64&quot;,&quot;shutter_speed&quot;:&quot;0.0011641443538999&quot;,&quot;title&quot;:&quot;&quot;,&quot;orientation&quot;:&quot;0&quot;}\" data-image-title=\"20160128_132418\" data-image-description=\"\" data-image-caption=\"&lt;p&gt;Jag p\u00e5utsiktsplattformen 142 andra v\u00e5ningen. &#8221;H\u00f6gt&#8221;&lt;\/p&gt;\n\" data-medium-file=\"https:\/\/media.greenhill.nu\/2016\/12\/20160128_132418-225x300.jpg\" data-large-file=\"https:\/\/media.greenhill.nu\/2016\/12\/20160128_132418.jpg\" \/><\/a>\n\t\t\t<\/dt>\n\t\t\t\t<dd class='wp-caption-text gallery-caption' id='gallery-1-2167'>\n\t\t\t\tJag p\u00e5utsiktsplattformen 142 andra v\u00e5ningen. &#8221;H\u00f6gt&#8221;\n\t\t\t\t<\/dd><\/dl><br style=\"clear: both\" \/><dl class='gallery-item'>\n\t\t\t<dt class='gallery-icon landscape'>\n\t\t\t\t<a href='https:\/\/blogg.greenhill.nu\/?attachment_id=2166'><img loading=\"lazy\" decoding=\"async\" width=\"150\" height=\"150\" src=\"https:\/\/media.greenhill.nu\/2016\/12\/20160128_132243-150x150.jpg\" class=\"attachment-thumbnail size-thumbnail\" alt=\"\" aria-describedby=\"gallery-1-2166\" data-attachment-id=\"2166\" data-permalink=\"https:\/\/blogg.greenhill.nu\/?attachment_id=2166\" data-orig-file=\"https:\/\/media.greenhill.nu\/2016\/12\/20160128_132243.jpg\" data-orig-size=\"800,600\" data-comments-opened=\"0\" data-image-meta=\"{&quot;aperture&quot;:&quot;1.9&quot;,&quot;credit&quot;:&quot;Picasa&quot;,&quot;camera&quot;:&quot;SM-J500FN&quot;,&quot;caption&quot;:&quot;&quot;,&quot;created_timestamp&quot;:&quot;1453987362&quot;,&quot;copyright&quot;:&quot;&quot;,&quot;focal_length&quot;:&quot;3.7&quot;,&quot;iso&quot;:&quot;64&quot;,&quot;shutter_speed&quot;:&quot;0.0054644808743169&quot;,&quot;title&quot;:&quot;&quot;,&quot;orientation&quot;:&quot;0&quot;}\" data-image-title=\"20160128_132243\" data-image-description=\"\" data-image-caption=\"&lt;p&gt;Utsikt fr\u00e5n Burj Khalifa&lt;\/p&gt;\n\" data-medium-file=\"https:\/\/media.greenhill.nu\/2016\/12\/20160128_132243-300x225.jpg\" data-large-file=\"https:\/\/media.greenhill.nu\/2016\/12\/20160128_132243.jpg\" \/><\/a>\n\t\t\t<\/dt>\n\t\t\t\t<dd class='wp-caption-text gallery-caption' id='gallery-1-2166'>\n\t\t\t\tUtsikt fr\u00e5n Burj Khalifa\n\t\t\t\t<\/dd><\/dl><dl class='gallery-item'>\n\t\t\t<dt class='gallery-icon landscape'>\n\t\t\t\t<a href='https:\/\/blogg.greenhill.nu\/?attachment_id=2165'><img loading=\"lazy\" decoding=\"async\" width=\"150\" height=\"150\" src=\"https:\/\/media.greenhill.nu\/2016\/12\/20160128_132056-150x150.jpg\" class=\"attachment-thumbnail size-thumbnail\" alt=\"\" aria-describedby=\"gallery-1-2165\" data-attachment-id=\"2165\" data-permalink=\"https:\/\/blogg.greenhill.nu\/?attachment_id=2165\" data-orig-file=\"https:\/\/media.greenhill.nu\/2016\/12\/20160128_132056.jpg\" data-orig-size=\"800,600\" data-comments-opened=\"0\" data-image-meta=\"{&quot;aperture&quot;:&quot;1.9&quot;,&quot;credit&quot;:&quot;Picasa&quot;,&quot;camera&quot;:&quot;SM-J500FN&quot;,&quot;caption&quot;:&quot;&quot;,&quot;created_timestamp&quot;:&quot;1453987256&quot;,&quot;copyright&quot;:&quot;&quot;,&quot;focal_length&quot;:&quot;3.7&quot;,&quot;iso&quot;:&quot;64&quot;,&quot;shutter_speed&quot;:&quot;0.0038167938931298&quot;,&quot;title&quot;:&quot;&quot;,&quot;orientation&quot;:&quot;0&quot;}\" data-image-title=\"20160128_132056\" data-image-description=\"\" data-image-caption=\"&lt;p&gt;Utsikt fr\u00e5n Burj Khalifa&lt;\/p&gt;\n\" data-medium-file=\"https:\/\/media.greenhill.nu\/2016\/12\/20160128_132056-300x225.jpg\" data-large-file=\"https:\/\/media.greenhill.nu\/2016\/12\/20160128_132056.jpg\" \/><\/a>\n\t\t\t<\/dt>\n\t\t\t\t<dd class='wp-caption-text gallery-caption' id='gallery-1-2165'>\n\t\t\t\tUtsikt fr\u00e5n Burj Khalifa\n\t\t\t\t<\/dd><\/dl><br style=\"clear: both\" \/>\n\t\t<\/div>\n\n","protected":false},"excerpt":{"rendered":"","protected":false},"author":1,"featured_media":0,"parent":2123,"menu_order":0,"comment_status":"closed","ping_status":"closed","template":"","meta":{"jetpack_post_was_ever_published":false,"footnotes":""},"class_list":["post-2170","page","type-page","status-publish","hentry"],"jetpack_shortlink":"https:\/\/wp.me\/P32HB2-z0","jetpack_sharing_enabled":true,"_links":{"self":[{"href":"https:\/\/blogg.greenhill.nu\/index.php?rest_route=\/wp\/v2\/pages\/2170","targetHints":{"allow":["GET"]}}],"collection":[{"href":"https:\/\/blogg.greenhill.nu\/index.php?rest_route=\/wp\/v2\/pages"}],"about":[{"href":"https:\/\/blogg.greenhill.nu\/index.php?rest_route=\/wp\/v2\/types\/page"}],"author":[{"embeddable":true,"href":"https:\/\/blogg.greenhill.nu\/index.php?rest_route=\/wp\/v2\/users\/1"}],"replies":[{"embeddable":true,"href":"https:\/\/blogg.greenhill.nu\/index.php?rest_route=%2Fwp%2Fv2%2Fcomments&post=2170"}],"version-history":[{"count":2,"href":"https:\/\/blogg.greenhill.nu\/index.php?rest_route=\/wp\/v2\/pages\/2170\/revisions"}],"predecessor-version":[{"id":2223,"href":"https:\/\/blogg.greenhill.nu\/index.php?rest_route=\/wp\/v2\/pages\/2170\/revisions\/2223"}],"up":[{"embeddable":true,"href":"https:\/\/blogg.greenhill.nu\/index.php?rest_route=\/wp\/v2\/pages\/2123"}],"wp:attachment":[{"href":"https:\/\/blogg.greenhill.nu\/index.php?rest_route=%2Fwp%2Fv2%2Fmedia&parent=2170"}],"curies":[{"name":"wp","href":"https:\/\/api.w.org\/{rel}","templated":true}]}}