{"id":2225,"date":"2017-05-30T21:23:43","date_gmt":"2017-05-30T19:23:43","guid":{"rendered":"http:\/\/blogg.greenhill.nu\/?page_id=2225"},"modified":"2017-10-15T22:42:00","modified_gmt":"2017-10-15T20:42:00","slug":"youtube-2017","status":"publish","type":"page","link":"https:\/\/blogg.greenhill.nu\/?page_id=2225","title":{"rendered":"Youtube 2017"},"content":{"rendered":"<p><iframe loading=\"lazy\" title=\"Getaryggen 2017 10 13\" width=\"640\" height=\"360\" src=\"https:\/\/www.youtube.com\/embed\/2WCb4GS129Y?feature=oembed\" frameborder=\"0\" allow=\"accelerometer; autoplay; clipboard-write; encrypted-media; gyroscope; picture-in-picture; web-share\" referrerpolicy=\"strict-origin-when-cross-origin\" allowfullscreen><\/iframe><\/p>\n<p><iframe loading=\"lazy\" title=\"Str\u00e4ngsered till Liared\" width=\"640\" height=\"360\" src=\"https:\/\/www.youtube.com\/embed\/l96U8eB4hi0?feature=oembed\" frameborder=\"0\" allow=\"accelerometer; autoplay; clipboard-write; encrypted-media; gyroscope; picture-in-picture; web-share\" referrerpolicy=\"strict-origin-when-cross-origin\" allowfullscreen><\/iframe><\/p>\n<p><iframe loading=\"lazy\" title=\"Adel\u00f6v till \u00c5by  \u00d6desh\u00f6g\" width=\"640\" height=\"360\" src=\"https:\/\/www.youtube.com\/embed\/4_ObEFUSgdk?feature=oembed\" frameborder=\"0\" allow=\"accelerometer; autoplay; clipboard-write; encrypted-media; gyroscope; picture-in-picture; web-share\" referrerpolicy=\"strict-origin-when-cross-origin\" allowfullscreen><\/iframe><\/p>\n<p><iframe loading=\"lazy\" title=\"Lilla Hultrum till \u00c5sa\" width=\"640\" height=\"360\" src=\"https:\/\/www.youtube.com\/embed\/NM-dDcFZQkk?feature=oembed\" frameborder=\"0\" allow=\"accelerometer; autoplay; clipboard-write; encrypted-media; gyroscope; picture-in-picture; web-share\" referrerpolicy=\"strict-origin-when-cross-origin\" allowfullscreen><\/iframe><\/p>\n<p><iframe loading=\"lazy\" title=\"T\u00e4ndstickstr\u00e4ffen 2017\" width=\"640\" height=\"360\" src=\"https:\/\/www.youtube.com\/embed\/SW6pLd5cS7w?feature=oembed\" frameborder=\"0\" allow=\"accelerometer; autoplay; clipboard-write; encrypted-media; gyroscope; picture-in-picture; web-share\" referrerpolicy=\"strict-origin-when-cross-origin\" allowfullscreen><\/iframe><\/p>\n<p><iframe loading=\"lazy\" title=\"M\u00e5nstad till Torpa Stenhus\" width=\"640\" height=\"360\" src=\"https:\/\/www.youtube.com\/embed\/tx8_LvDB0Y8?feature=oembed\" frameborder=\"0\" allow=\"accelerometer; autoplay; clipboard-write; encrypted-media; gyroscope; picture-in-picture; web-share\" referrerpolicy=\"strict-origin-when-cross-origin\" allowfullscreen><\/iframe><\/p>\n<p><iframe loading=\"lazy\" title=\"Getaryggen 20170901\" width=\"640\" height=\"360\" src=\"https:\/\/www.youtube.com\/embed\/gAgg8fshxaU?feature=oembed\" frameborder=\"0\" allow=\"accelerometer; autoplay; clipboard-write; encrypted-media; gyroscope; picture-in-picture; web-share\" referrerpolicy=\"strict-origin-when-cross-origin\" allowfullscreen><\/iframe><\/p>\n<p><iframe loading=\"lazy\" title=\"Nittorp mot Dalstorp\" width=\"640\" height=\"360\" src=\"https:\/\/www.youtube.com\/embed\/ifZcxdY5zS8?feature=oembed\" frameborder=\"0\" allow=\"accelerometer; autoplay; clipboard-write; encrypted-media; gyroscope; picture-in-picture; web-share\" referrerpolicy=\"strict-origin-when-cross-origin\" allowfullscreen><\/iframe><\/p>\n<p><iframe loading=\"lazy\" title=\"Asige mot Gr\u00e4s\u00e5s\" width=\"640\" height=\"360\" src=\"https:\/\/www.youtube.com\/embed\/zBtBP3eXG4w?feature=oembed\" frameborder=\"0\" allow=\"accelerometer; autoplay; clipboard-write; encrypted-media; gyroscope; picture-in-picture; web-share\" referrerpolicy=\"strict-origin-when-cross-origin\" allowfullscreen><\/iframe><\/p>\n<p><iframe loading=\"lazy\" title=\"Wald im Pinzgau mot Gerlos v\u00e4g 165\" width=\"640\" height=\"360\" src=\"https:\/\/www.youtube.com\/embed\/yGU5aEtDwMg?feature=oembed\" frameborder=\"0\" allow=\"accelerometer; autoplay; clipboard-write; encrypted-media; gyroscope; picture-in-picture; web-share\" referrerpolicy=\"strict-origin-when-cross-origin\" allowfullscreen><\/iframe><\/p>\n<p>&nbsp;<\/p>\n<p><iframe loading=\"lazy\" title=\"M\u00f6rtschach till Asten\" width=\"640\" height=\"360\" src=\"https:\/\/www.youtube.com\/embed\/y22_6MT1h-4?feature=oembed\" frameborder=\"0\" allow=\"accelerometer; autoplay; clipboard-write; encrypted-media; gyroscope; picture-in-picture; web-share\" referrerpolicy=\"strict-origin-when-cross-origin\" allowfullscreen><\/iframe><\/p>\n","protected":false},"excerpt":{"rendered":"<p>&nbsp;<\/p>\n","protected":false},"author":1,"featured_media":0,"parent":2073,"menu_order":3,"comment_status":"closed","ping_status":"closed","template":"","meta":{"jetpack_post_was_ever_published":false,"footnotes":""},"class_list":["post-2225","page","type-page","status-publish","hentry"],"jetpack_shortlink":"https:\/\/wp.me\/P32HB2-zT","jetpack_sharing_enabled":true,"_links":{"self":[{"href":"https:\/\/blogg.greenhill.nu\/index.php?rest_route=\/wp\/v2\/pages\/2225","targetHints":{"allow":["GET"]}}],"collection":[{"href":"https:\/\/blogg.greenhill.nu\/index.php?rest_route=\/wp\/v2\/pages"}],"about":[{"href":"https:\/\/blogg.greenhill.nu\/index.php?rest_route=\/wp\/v2\/types\/page"}],"author":[{"embeddable":true,"href":"https:\/\/blogg.greenhill.nu\/index.php?rest_route=\/wp\/v2\/users\/1"}],"replies":[{"embeddable":true,"href":"https:\/\/blogg.greenhill.nu\/index.php?rest_route=%2Fwp%2Fv2%2Fcomments&post=2225"}],"version-history":[{"count":8,"href":"https:\/\/blogg.greenhill.nu\/index.php?rest_route=\/wp\/v2\/pages\/2225\/revisions"}],"predecessor-version":[{"id":2245,"href":"https:\/\/blogg.greenhill.nu\/index.php?rest_route=\/wp\/v2\/pages\/2225\/revisions\/2245"}],"up":[{"embeddable":true,"href":"https:\/\/blogg.greenhill.nu\/index.php?rest_route=\/wp\/v2\/pages\/2073"}],"wp:attachment":[{"href":"https:\/\/blogg.greenhill.nu\/index.php?rest_route=%2Fwp%2Fv2%2Fmedia&parent=2225"}],"curies":[{"name":"wp","href":"https:\/\/api.w.org\/{rel}","templated":true}]}}