{"id":2786,"date":"2024-06-04T19:41:00","date_gmt":"2024-06-04T17:41:00","guid":{"rendered":"https:\/\/blogg.greenhill.nu\/?page_id=2786"},"modified":"2025-02-05T20:16:00","modified_gmt":"2025-02-05T19:16:00","slug":"filmer-2024","status":"publish","type":"page","link":"https:\/\/blogg.greenhill.nu\/?page_id=2786","title":{"rendered":"Filmer 2024"},"content":{"rendered":"<p>Sk\u00f6lvene S.S\u00e4m mot Annelund 240503<\/p>\n<p><span class=\"embed-youtube\" style=\"text-align:center; display: block;\"><iframe loading=\"lazy\" class=\"youtube-player\" width=\"640\" height=\"360\" src=\"https:\/\/www.youtube.com\/embed\/7-qQfDum51g?version=3&#038;rel=1&#038;showsearch=0&#038;showinfo=1&#038;iv_load_policy=1&#038;fs=1&#038;hl=sv-SE&#038;autohide=2&#038;wmode=transparent\" allowfullscreen=\"true\" style=\"border:0;\" sandbox=\"allow-scripts allow-same-origin allow-popups allow-presentation allow-popups-to-escape-sandbox\"><\/iframe><\/span><\/p>\n<p>Annelund mot Hudene 240503<\/p>\n<p><span class=\"embed-youtube\" style=\"text-align:center; display: block;\"><iframe loading=\"lazy\" class=\"youtube-player\" width=\"640\" height=\"360\" src=\"https:\/\/www.youtube.com\/embed\/cveKR1gNUr4?version=3&#038;rel=1&#038;showsearch=0&#038;showinfo=1&#038;iv_load_policy=1&#038;fs=1&#038;hl=sv-SE&#038;autohide=2&#038;wmode=transparent\" allowfullscreen=\"true\" style=\"border:0;\" sandbox=\"allow-scripts allow-same-origin allow-popups allow-presentation allow-popups-to-escape-sandbox\"><\/iframe><\/span><\/p>\n<p>En kort film med krokv\u00e4g. 14 Maj USA.<\/p>\n<p><iframe loading=\"lazy\" title=\"Smoky Mountains film 2\" width=\"640\" height=\"360\" src=\"https:\/\/www.youtube.com\/embed\/IQxu46QG1L8?feature=oembed\" frameborder=\"0\" allow=\"accelerometer; autoplay; clipboard-write; encrypted-media; gyroscope; picture-in-picture; web-share\" referrerpolicy=\"strict-origin-when-cross-origin\" allowfullscreen><\/iframe><\/p>\n<p>H\u00e4r finns en kort fil fr\u00e5n Nationaldagsgruset med BMW Klubben<\/p>\n<p><iframe loading=\"lazy\" title=\"Nationaldagsgrus bmw klubben 2024\" width=\"640\" height=\"360\" src=\"https:\/\/www.youtube.com\/embed\/QsC3-jr8P-Q?feature=oembed\" frameborder=\"0\" allow=\"accelerometer; autoplay; clipboard-write; encrypted-media; gyroscope; picture-in-picture; web-share\" referrerpolicy=\"strict-origin-when-cross-origin\" allowfullscreen><\/iframe><\/p>\n<p>En film fr\u00e5n Tail of The Dragon USA. Filmat i maj n\u00e4r jag var p\u00e5 resa med MC-Traveller. Smoky Mountains i 14 dagar, en fantastisk resa med mycket kurvig v\u00e4g och ett bes\u00f6k i Nashville countryns mecka.<\/p>\n<p><iframe loading=\"lazy\" title=\"Tail of the Dragon 2024\" width=\"640\" height=\"360\" src=\"https:\/\/www.youtube.com\/embed\/xgRMdZiKxGY?feature=oembed\" frameborder=\"0\" allow=\"accelerometer; autoplay; clipboard-write; encrypted-media; gyroscope; picture-in-picture; web-share\" referrerpolicy=\"strict-origin-when-cross-origin\" allowfullscreen><\/iframe><\/p>\n<p>H\u00f6sttur med husbilen i smal v\u00e4g med h\u00e4rliga h\u00f6stf\u00e4rger.<\/p>\n<div style=\"width: 640px;\" class=\"wp-video\"><!--[if lt IE 9]><script>document.createElement('video');<\/script><![endif]-->\n<video class=\"wp-video-shortcode\" id=\"video-2786-1\" width=\"640\" height=\"360\" preload=\"metadata\" controls=\"controls\"><source type=\"video\/mp4\" src=\"http:\/\/media.greenhill.nu\/2024\/11\/20241020-Hosttur-med-Husbilen.mp4?_=1\" \/><a href=\"http:\/\/media.greenhill.nu\/2024\/11\/20241020-Hosttur-med-Husbilen.mp4\">http:\/\/media.greenhill.nu\/2024\/11\/20241020-Hosttur-med-Husbilen.mp4<\/a><\/video><\/div>\n<p>Devil\u00b4s Triangle<\/p>\n<p><iframe loading=\"lazy\" title=\"Smokey Mountains 2024 part 3\" width=\"640\" height=\"360\" src=\"https:\/\/www.youtube.com\/embed\/-QLL_RI2XWY?feature=oembed\" frameborder=\"0\" allow=\"accelerometer; autoplay; clipboard-write; encrypted-media; gyroscope; picture-in-picture; web-share\" referrerpolicy=\"strict-origin-when-cross-origin\" allowfullscreen><\/iframe><\/p>\n<p>&nbsp;<\/p>\n","protected":false},"excerpt":{"rendered":"<p>Sk\u00f6lvene S.S\u00e4m mot Annelund 240503 Annelund mot Hudene 240503 En kort film med krokv\u00e4g. 14 Maj USA. H\u00e4r finns en kort fil fr\u00e5n Nationaldagsgruset med BMW Klubben En film fr\u00e5n Tail of The Dragon USA. Filmat i maj n\u00e4r jag &hellip; <a href=\"https:\/\/blogg.greenhill.nu\/?page_id=2786\">Forts\u00e4tt l\u00e4sa <span class=\"meta-nav\">&rarr;<\/span><\/a><\/p>\n","protected":false},"author":1,"featured_media":0,"parent":2073,"menu_order":9,"comment_status":"closed","ping_status":"closed","template":"","meta":{"jetpack_post_was_ever_published":false,"footnotes":""},"class_list":["post-2786","page","type-page","status-publish","hentry"],"jetpack_shortlink":"https:\/\/wp.me\/P32HB2-IW","jetpack_sharing_enabled":true,"_links":{"self":[{"href":"https:\/\/blogg.greenhill.nu\/index.php?rest_route=\/wp\/v2\/pages\/2786","targetHints":{"allow":["GET"]}}],"collection":[{"href":"https:\/\/blogg.greenhill.nu\/index.php?rest_route=\/wp\/v2\/pages"}],"about":[{"href":"https:\/\/blogg.greenhill.nu\/index.php?rest_route=\/wp\/v2\/types\/page"}],"author":[{"embeddable":true,"href":"https:\/\/blogg.greenhill.nu\/index.php?rest_route=\/wp\/v2\/users\/1"}],"replies":[{"embeddable":true,"href":"https:\/\/blogg.greenhill.nu\/index.php?rest_route=%2Fwp%2Fv2%2Fcomments&post=2786"}],"version-history":[{"count":11,"href":"https:\/\/blogg.greenhill.nu\/index.php?rest_route=\/wp\/v2\/pages\/2786\/revisions"}],"predecessor-version":[{"id":2846,"href":"https:\/\/blogg.greenhill.nu\/index.php?rest_route=\/wp\/v2\/pages\/2786\/revisions\/2846"}],"up":[{"embeddable":true,"href":"https:\/\/blogg.greenhill.nu\/index.php?rest_route=\/wp\/v2\/pages\/2073"}],"wp:attachment":[{"href":"https:\/\/blogg.greenhill.nu\/index.php?rest_route=%2Fwp%2Fv2%2Fmedia&parent=2786"}],"curies":[{"name":"wp","href":"https:\/\/api.w.org\/{rel}","templated":true}]}}